{"id":339,"date":"2022-08-18T10:18:56","date_gmt":"2022-08-18T08:18:56","guid":{"rendered":"https:\/\/sunnesyte.inflagranti.ch\/?page_id=339"},"modified":"2023-03-21T11:21:52","modified_gmt":"2023-03-21T10:21:52","slug":"spenden","status":"publish","type":"page","link":"https:\/\/sunnesyte.inflagranti.ch\/index.php\/spenden\/","title":{"rendered":"Spenden"},"content":{"rendered":"\t\t<div data-elementor-type=\"wp-page\" data-elementor-id=\"339\" class=\"elementor elementor-339\">\n\t\t\t\t\t\t\t<div class=\"elementor-element elementor-element-ca3653e e-container--column e-container\" data-id=\"ca3653e\" data-element_type=\"container\">\t\t\t\t<div class=\"elementor-element elementor-element-2e4f92b elementor-widget elementor-widget-spacer\" data-id=\"2e4f92b\" data-element_type=\"widget\" data-widget_type=\"spacer.default\">\n\t\t\t\t<div class=\"elementor-widget-container\">\n\t\t\t<style>\/*! elementor - v3.6.7 - 03-07-2022 *\/\n.e-container.e-container--row .elementor-spacer-inner{width:var(--spacer-size)}.e-container.e-container--column .elementor-spacer-inner,.elementor-column .elementor-spacer-inner{height:var(--spacer-size)}<\/style>\t\t<div class=\"elementor-spacer\">\n\t\t\t<div class=\"elementor-spacer-inner\"><\/div>\n\t\t<\/div>\n\t\t\t\t<\/div>\n\t\t\t\t<\/div>\n\t\t\t\t<div class=\"elementor-element elementor-element-f5b80d4 elementor-hidden-mobile elementor-widget elementor-widget-heading\" data-id=\"f5b80d4\" data-element_type=\"widget\" data-widget_type=\"heading.default\">\n\t\t\t\t<div class=\"elementor-widget-container\">\n\t\t\t<style>\/*! elementor - v3.6.7 - 03-07-2022 *\/\n.elementor-heading-title{padding:0;margin:0;line-height:1}.elementor-widget-heading .elementor-heading-title[class*=elementor-size-]>a{color:inherit;font-size:inherit;line-height:inherit}.elementor-widget-heading .elementor-heading-title.elementor-size-small{font-size:15px}.elementor-widget-heading .elementor-heading-title.elementor-size-medium{font-size:19px}.elementor-widget-heading .elementor-heading-title.elementor-size-large{font-size:29px}.elementor-widget-heading .elementor-heading-title.elementor-size-xl{font-size:39px}.elementor-widget-heading .elementor-heading-title.elementor-size-xxl{font-size:59px}<\/style><h2 class=\"elementor-heading-title elementor-size-default\">Spendem\u00f6glichkeiten<\/h2>\t\t<\/div>\n\t\t\t\t<\/div>\n\t\t\t\t<div class=\"elementor-element elementor-element-626500c elementor-hidden-desktop elementor-hidden-tablet elementor-widget elementor-widget-heading\" data-id=\"626500c\" data-element_type=\"widget\" data-widget_type=\"heading.default\">\n\t\t\t\t<div class=\"elementor-widget-container\">\n\t\t\t<h2 class=\"elementor-heading-title elementor-size-default\">Spendem\u00f6glich-keiten<\/h2>\t\t<\/div>\n\t\t\t\t<\/div>\n\t\t\t\t<div class=\"elementor-element elementor-element-7d82798 elementor-widget elementor-widget-spacer\" data-id=\"7d82798\" data-element_type=\"widget\" data-widget_type=\"spacer.default\">\n\t\t\t\t<div class=\"elementor-widget-container\">\n\t\t\t\t\t<div class=\"elementor-spacer\">\n\t\t\t<div class=\"elementor-spacer-inner\"><\/div>\n\t\t<\/div>\n\t\t\t\t<\/div>\n\t\t\t\t<\/div>\n\t\t<\/div><div class=\"elementor-element elementor-element-cd86792 e-container--row e-container\" data-id=\"cd86792\" data-element_type=\"container\">\t\t<div class=\"elementor-element elementor-element-5ef6aff e-container--column e-container\" data-id=\"5ef6aff\" data-element_type=\"container\">\t\t\t\t<div class=\"elementor-element elementor-element-c4712ca elementor-widget elementor-widget-heading\" data-id=\"c4712ca\" data-element_type=\"widget\" data-widget_type=\"heading.default\">\n\t\t\t\t<div class=\"elementor-widget-container\">\n\t\t\t<h3 class=\"elementor-heading-title elementor-size-default\">Einzelspende per IBAN<\/h3>\t\t<\/div>\n\t\t\t\t<\/div>\n\t\t\t\t<div class=\"elementor-element elementor-element-1d0c2c8 elementor-widget elementor-widget-text-editor\" data-id=\"1d0c2c8\" data-element_type=\"widget\" data-widget_type=\"text-editor.default\">\n\t\t\t\t<div class=\"elementor-widget-container\">\n\t\t\t<style>\/*! elementor - v3.6.7 - 03-07-2022 *\/\n.elementor-widget-text-editor.elementor-drop-cap-view-stacked .elementor-drop-cap{background-color:#818a91;color:#fff}.elementor-widget-text-editor.elementor-drop-cap-view-framed .elementor-drop-cap{color:#818a91;border:3px solid;background-color:transparent}.elementor-widget-text-editor:not(.elementor-drop-cap-view-default) .elementor-drop-cap{margin-top:8px}.elementor-widget-text-editor:not(.elementor-drop-cap-view-default) .elementor-drop-cap-letter{width:1em;height:1em}.elementor-widget-text-editor .elementor-drop-cap{float:left;text-align:center;line-height:1;font-size:50px}.elementor-widget-text-editor .elementor-drop-cap-letter{display:inline-block}<\/style>\t\t\t\t<p>IBAN:<br \/>CH29 0839 7016 4857 3800 9<br \/>DC Bank Stiftung Sunnesyte, Schauplatzgasse 21, 3001 Bern<\/p><p>Sie erhalten eine Spendenbest\u00e4tigung f\u00fcr die Steuererkl\u00e4rung.<\/p>\t\t\t\t\t\t<\/div>\n\t\t\t\t<\/div>\n\t\t<\/div><div class=\"elementor-element elementor-element-387324c e-container--column e-container\" data-id=\"387324c\" data-element_type=\"container\">\t\t\t\t<div class=\"elementor-element elementor-element-b78ed0b elementor-widget elementor-widget-heading\" data-id=\"b78ed0b\" data-element_type=\"widget\" data-widget_type=\"heading.default\">\n\t\t\t\t<div class=\"elementor-widget-container\">\n\t\t\t<h3 class=\"elementor-heading-title elementor-size-default\">Einzelspende mit QR-Code<\/h3>\t\t<\/div>\n\t\t\t\t<\/div>\n\t\t\t\t<div class=\"elementor-element elementor-element-83bf5ec elementor-widget elementor-widget-text-editor\" data-id=\"83bf5ec\" data-element_type=\"widget\" data-widget_type=\"text-editor.default\">\n\t\t\t\t<div class=\"elementor-widget-container\">\n\t\t\t\t\t\t\t<p>Sie erhalten eine Spendenbest\u00e4tigung f\u00fcr die Steuererkl\u00e4rung.<\/p>\t\t\t\t\t\t<\/div>\n\t\t\t\t<\/div>\n\t\t\t\t<div class=\"elementor-element elementor-element-741d2a8 elementor-widget elementor-widget-image\" data-id=\"741d2a8\" data-element_type=\"widget\" data-widget_type=\"image.default\">\n\t\t\t\t<div class=\"elementor-widget-container\">\n\t\t\t<style>\/*! elementor - v3.6.7 - 03-07-2022 *\/\n.elementor-widget-image{text-align:center}.elementor-widget-image a{display:inline-block}.elementor-widget-image a img[src$=\".svg\"]{width:48px}.elementor-widget-image img{vertical-align:middle;display:inline-block}<\/style>\t\t\t\t\t\t\t\t\t\t\t\t<img loading=\"lazy\" decoding=\"async\" width=\"150\" height=\"150\" src=\"https:\/\/sunnesyte.inflagranti.ch\/wp-content\/uploads\/2023\/03\/qr-code-sunnesyte-150x150.jpg\" class=\"attachment-thumbnail size-thumbnail\" alt=\"\" srcset=\"https:\/\/sunnesyte.inflagranti.ch\/wp-content\/uploads\/2023\/03\/qr-code-sunnesyte-150x150.jpg 150w, https:\/\/sunnesyte.inflagranti.ch\/wp-content\/uploads\/2023\/03\/qr-code-sunnesyte-300x300.jpg 300w, https:\/\/sunnesyte.inflagranti.ch\/wp-content\/uploads\/2023\/03\/qr-code-sunnesyte.jpg 321w\" sizes=\"auto, (max-width: 150px) 100vw, 150px\" \/>\t\t\t\t\t\t\t\t\t\t\t\t\t\t\t<\/div>\n\t\t\t\t<\/div>\n\t\t<\/div><\/div><div class=\"elementor-element elementor-element-843c934 e-container--column e-container\" data-id=\"843c934\" data-element_type=\"container\">\t\t<\/div>\t\t\t\t\t<\/div>\n\t\t","protected":false},"excerpt":{"rendered":"<p>Spendem\u00f6glichkeiten Spendem\u00f6glich-keiten Einzelspende per IBAN IBAN:CH29 0839 7016 4857 3800 9DC Bank Stiftung Sunnesyte, Schauplatzgasse 21, 3001 Bern&#8230;<\/p>\n","protected":false},"author":3,"featured_media":0,"parent":0,"menu_order":0,"comment_status":"closed","ping_status":"closed","template":"","meta":{"footnotes":""},"class_list":["post-339","page","type-page","status-publish","hentry"],"acf":[],"yoast_head":"<!-- This site is optimized with the Yoast SEO plugin v19.3 - https:\/\/yoast.com\/wordpress\/plugins\/seo\/ -->\n<title>Spenden - Stiftung Sunnesyte<\/title>\n<meta name=\"robots\" content=\"noindex, follow, max-snippet:-1, max-image-preview:large, max-video-preview:-1\" \/>\n<meta property=\"og:locale\" content=\"de_DE\" \/>\n<meta property=\"og:type\" content=\"article\" \/>\n<meta property=\"og:title\" content=\"Spenden - Stiftung Sunnesyte\" \/>\n<meta property=\"og:description\" content=\"Spendem\u00f6glichkeiten Spendem\u00f6glich-keiten Einzelspende per IBAN IBAN:CH29 0839 7016 4857 3800 9DC Bank Stiftung Sunnesyte, Schauplatzgasse 21, 3001 Bern...\" \/>\n<meta property=\"og:url\" content=\"https:\/\/sunnesyte.inflagranti.ch\/index.php\/spenden\/\" \/>\n<meta property=\"og:site_name\" content=\"Stiftung Sunnesyte\" \/>\n<meta property=\"article:modified_time\" content=\"2023-03-21T10:21:52+00:00\" \/>\n<meta property=\"og:image\" content=\"https:\/\/sunnesyte.inflagranti.ch\/wp-content\/uploads\/2023\/03\/qr-code-sunnesyte-150x150.jpg\" \/>\n<meta name=\"twitter:card\" content=\"summary_large_image\" \/>\n<meta name=\"twitter:label1\" content=\"Est. reading time\" \/>\n\t<meta name=\"twitter:data1\" content=\"1\u00a0Minute\" \/>\n<script type=\"application\/ld+json\" class=\"yoast-schema-graph\">{\"@context\":\"https:\/\/schema.org\",\"@graph\":[{\"@type\":\"Organization\",\"@id\":\"https:\/\/sunnesyte.inflagranti.ch\/#organization\",\"name\":\"Stiftung Sunnesyte\",\"url\":\"https:\/\/sunnesyte.inflagranti.ch\/\",\"sameAs\":[],\"logo\":{\"@type\":\"ImageObject\",\"inLanguage\":\"de-CH\",\"@id\":\"https:\/\/sunnesyte.inflagranti.ch\/#\/schema\/logo\/image\/\",\"url\":\"https:\/\/sunnesyte.inflagranti.ch\/wp-content\/uploads\/2022\/06\/logo_sunnesyte.jpg\",\"contentUrl\":\"https:\/\/sunnesyte.inflagranti.ch\/wp-content\/uploads\/2022\/06\/logo_sunnesyte.jpg\",\"width\":230,\"height\":58,\"caption\":\"Stiftung Sunnesyte\"},\"image\":{\"@id\":\"https:\/\/sunnesyte.inflagranti.ch\/#\/schema\/logo\/image\/\"}},{\"@type\":\"WebSite\",\"@id\":\"https:\/\/sunnesyte.inflagranti.ch\/#website\",\"url\":\"https:\/\/sunnesyte.inflagranti.ch\/\",\"name\":\"Stiftung Sunnesyte\",\"description\":\"Eine weitere WordPress-Website\",\"publisher\":{\"@id\":\"https:\/\/sunnesyte.inflagranti.ch\/#organization\"},\"potentialAction\":[{\"@type\":\"SearchAction\",\"target\":{\"@type\":\"EntryPoint\",\"urlTemplate\":\"https:\/\/sunnesyte.inflagranti.ch\/?s={search_term_string}\"},\"query-input\":\"required name=search_term_string\"}],\"inLanguage\":\"de-CH\"},{\"@type\":\"ImageObject\",\"inLanguage\":\"de-CH\",\"@id\":\"https:\/\/sunnesyte.inflagranti.ch\/index.php\/spenden\/#primaryimage\",\"url\":\"https:\/\/sunnesyte.inflagranti.ch\/wp-content\/uploads\/2023\/03\/qr-code-sunnesyte.jpg\",\"contentUrl\":\"https:\/\/sunnesyte.inflagranti.ch\/wp-content\/uploads\/2023\/03\/qr-code-sunnesyte.jpg\",\"width\":321,\"height\":321},{\"@type\":\"WebPage\",\"@id\":\"https:\/\/sunnesyte.inflagranti.ch\/index.php\/spenden\/\",\"url\":\"https:\/\/sunnesyte.inflagranti.ch\/index.php\/spenden\/\",\"name\":\"Spenden - Stiftung Sunnesyte\",\"isPartOf\":{\"@id\":\"https:\/\/sunnesyte.inflagranti.ch\/#website\"},\"primaryImageOfPage\":{\"@id\":\"https:\/\/sunnesyte.inflagranti.ch\/index.php\/spenden\/#primaryimage\"},\"datePublished\":\"2022-08-18T08:18:56+00:00\",\"dateModified\":\"2023-03-21T10:21:52+00:00\",\"breadcrumb\":{\"@id\":\"https:\/\/sunnesyte.inflagranti.ch\/index.php\/spenden\/#breadcrumb\"},\"inLanguage\":\"de-CH\",\"potentialAction\":[{\"@type\":\"ReadAction\",\"target\":[\"https:\/\/sunnesyte.inflagranti.ch\/index.php\/spenden\/\"]}]},{\"@type\":\"BreadcrumbList\",\"@id\":\"https:\/\/sunnesyte.inflagranti.ch\/index.php\/spenden\/#breadcrumb\",\"itemListElement\":[{\"@type\":\"ListItem\",\"position\":1,\"name\":\"Home\",\"item\":\"https:\/\/sunnesyte.inflagranti.ch\/\"},{\"@type\":\"ListItem\",\"position\":2,\"name\":\"Spenden\"}]}]}<\/script>\n<!-- \/ Yoast SEO plugin. -->","yoast_head_json":{"title":"Spenden - Stiftung Sunnesyte","robots":{"index":"noindex","follow":"follow","max-snippet":"max-snippet:-1","max-image-preview":"max-image-preview:large","max-video-preview":"max-video-preview:-1"},"og_locale":"de_DE","og_type":"article","og_title":"Spenden - Stiftung Sunnesyte","og_description":"Spendem\u00f6glichkeiten Spendem\u00f6glich-keiten Einzelspende per IBAN IBAN:CH29 0839 7016 4857 3800 9DC Bank Stiftung Sunnesyte, Schauplatzgasse 21, 3001 Bern...","og_url":"https:\/\/sunnesyte.inflagranti.ch\/index.php\/spenden\/","og_site_name":"Stiftung Sunnesyte","article_modified_time":"2023-03-21T10:21:52+00:00","og_image":[{"url":"https:\/\/sunnesyte.inflagranti.ch\/wp-content\/uploads\/2023\/03\/qr-code-sunnesyte-150x150.jpg"}],"twitter_card":"summary_large_image","twitter_misc":{"Est. reading time":"1\u00a0Minute"},"schema":{"@context":"https:\/\/schema.org","@graph":[{"@type":"Organization","@id":"https:\/\/sunnesyte.inflagranti.ch\/#organization","name":"Stiftung Sunnesyte","url":"https:\/\/sunnesyte.inflagranti.ch\/","sameAs":[],"logo":{"@type":"ImageObject","inLanguage":"de-CH","@id":"https:\/\/sunnesyte.inflagranti.ch\/#\/schema\/logo\/image\/","url":"https:\/\/sunnesyte.inflagranti.ch\/wp-content\/uploads\/2022\/06\/logo_sunnesyte.jpg","contentUrl":"https:\/\/sunnesyte.inflagranti.ch\/wp-content\/uploads\/2022\/06\/logo_sunnesyte.jpg","width":230,"height":58,"caption":"Stiftung Sunnesyte"},"image":{"@id":"https:\/\/sunnesyte.inflagranti.ch\/#\/schema\/logo\/image\/"}},{"@type":"WebSite","@id":"https:\/\/sunnesyte.inflagranti.ch\/#website","url":"https:\/\/sunnesyte.inflagranti.ch\/","name":"Stiftung Sunnesyte","description":"Eine weitere WordPress-Website","publisher":{"@id":"https:\/\/sunnesyte.inflagranti.ch\/#organization"},"potentialAction":[{"@type":"SearchAction","target":{"@type":"EntryPoint","urlTemplate":"https:\/\/sunnesyte.inflagranti.ch\/?s={search_term_string}"},"query-input":"required name=search_term_string"}],"inLanguage":"de-CH"},{"@type":"ImageObject","inLanguage":"de-CH","@id":"https:\/\/sunnesyte.inflagranti.ch\/index.php\/spenden\/#primaryimage","url":"https:\/\/sunnesyte.inflagranti.ch\/wp-content\/uploads\/2023\/03\/qr-code-sunnesyte.jpg","contentUrl":"https:\/\/sunnesyte.inflagranti.ch\/wp-content\/uploads\/2023\/03\/qr-code-sunnesyte.jpg","width":321,"height":321},{"@type":"WebPage","@id":"https:\/\/sunnesyte.inflagranti.ch\/index.php\/spenden\/","url":"https:\/\/sunnesyte.inflagranti.ch\/index.php\/spenden\/","name":"Spenden - Stiftung Sunnesyte","isPartOf":{"@id":"https:\/\/sunnesyte.inflagranti.ch\/#website"},"primaryImageOfPage":{"@id":"https:\/\/sunnesyte.inflagranti.ch\/index.php\/spenden\/#primaryimage"},"datePublished":"2022-08-18T08:18:56+00:00","dateModified":"2023-03-21T10:21:52+00:00","breadcrumb":{"@id":"https:\/\/sunnesyte.inflagranti.ch\/index.php\/spenden\/#breadcrumb"},"inLanguage":"de-CH","potentialAction":[{"@type":"ReadAction","target":["https:\/\/sunnesyte.inflagranti.ch\/index.php\/spenden\/"]}]},{"@type":"BreadcrumbList","@id":"https:\/\/sunnesyte.inflagranti.ch\/index.php\/spenden\/#breadcrumb","itemListElement":[{"@type":"ListItem","position":1,"name":"Home","item":"https:\/\/sunnesyte.inflagranti.ch\/"},{"@type":"ListItem","position":2,"name":"Spenden"}]}]}},"_links":{"self":[{"href":"https:\/\/sunnesyte.inflagranti.ch\/index.php\/wp-json\/wp\/v2\/pages\/339","targetHints":{"allow":["GET"]}}],"collection":[{"href":"https:\/\/sunnesyte.inflagranti.ch\/index.php\/wp-json\/wp\/v2\/pages"}],"about":[{"href":"https:\/\/sunnesyte.inflagranti.ch\/index.php\/wp-json\/wp\/v2\/types\/page"}],"author":[{"embeddable":true,"href":"https:\/\/sunnesyte.inflagranti.ch\/index.php\/wp-json\/wp\/v2\/users\/3"}],"replies":[{"embeddable":true,"href":"https:\/\/sunnesyte.inflagranti.ch\/index.php\/wp-json\/wp\/v2\/comments?post=339"}],"version-history":[{"count":61,"href":"https:\/\/sunnesyte.inflagranti.ch\/index.php\/wp-json\/wp\/v2\/pages\/339\/revisions"}],"predecessor-version":[{"id":1044,"href":"https:\/\/sunnesyte.inflagranti.ch\/index.php\/wp-json\/wp\/v2\/pages\/339\/revisions\/1044"}],"wp:attachment":[{"href":"https:\/\/sunnesyte.inflagranti.ch\/index.php\/wp-json\/wp\/v2\/media?parent=339"}],"curies":[{"name":"wp","href":"https:\/\/api.w.org\/{rel}","templated":true}]}}